{"id":141,"date":"2012-11-04T15:26:18","date_gmt":"2012-11-04T15:26:18","guid":{"rendered":"http:\/\/epamsa.com\/?page_id=141"},"modified":"2023-12-28T12:05:38","modified_gmt":"2023-12-28T12:05:38","slug":"proyectos-ejecutados","status":"publish","type":"page","link":"https:\/\/epamsa.com\/index.php\/proyectos-ejecutados\/","title":{"rendered":"Proyectos Representativos"},"content":{"rendered":"\n<details class=\"wp-block-details is-layout-flow wp-block-details-is-layout-flow\"><summary>ADMINISTRACI\u00d3N, MANTENIMIENTO, OPERACI\u00d3N DE PARQUES <\/summary>\n<ul>\n<li>Mantenimiento integral del parque Cantarrana, incluyendo actividades pedag\u00f3gicas y de educaci\u00f3n ambiental. <\/li>\n<\/ul>\n\n\n\n<ul>\n<li>Desarrollar el programa pedag\u00f3gico, recreativo, social y mejoramiento ecol\u00f3gico del parque de la presa seca de Cantarrana. <\/li>\n<\/ul>\n\n\n\n<ul>\n<li>Mantenimiento integral del parque de la presa seca de Cantarrana y desarrollo del programa pedag\u00f3gico, recreativo y social. <\/li>\n<\/ul>\n\n\n\n<ul>\n<li>Prestar los servicios profesionales, a trav\u00e9s de actividades con ejercicios de ense\u00f1anza-aprendizaje, para la protecci\u00f3n de los ecosistemas h\u00eddricos de la cuenca media alta del r\u00edo Tunjuelo, con el fin de aportar la apropiaci\u00f3n del espacio y visibilizar ejercicios de corresponsabilidad ciudadana.<\/li>\n<\/ul>\n<\/details>\n\n\n\n<div style=\"height:30px\" aria-hidden=\"true\" class=\"wp-block-spacer\"><\/div>\n\n\n\n<details class=\"wp-block-details is-layout-flow wp-block-details-is-layout-flow\"><summary>ALERTAS TEMPRANAS<\/summary>\n<ul>\n<li>Realizar la identificaci\u00f3n, diagnostico y propuesta de los requerimientos para el mejoramiento y actualizaci\u00f3n de los modelos y aplicativos inform\u00e1ticos de pron\u00f3stico de amenazas Hidrometeorol\u00f3gicos para alertas tempranas (inundaciones, deslizamientos e incendios de la cobertura vegetal) en Colombia. Contrato No. 117 DE 2006.<\/li>\n<\/ul>\n\n\n\n<ul>\n<li>Dise\u00f1ar y operar un sistema piloto de alertas tempranas SAT con \u00e9nfasis participativo, con el fin de aumentar las capacidades adaptativas de las comunidades locales frente a la variabilidad clim\u00e1tica y al cambio clim\u00e1tico, en una microcuenca del \u00e1rea del proyecto \u00abconservaci\u00f3n, restauraci\u00f3n y uso sostenible de servicios ecosistemicos entre los p\u00e1ramos de chingaza, Guerrero , Sumapaz, lo Cerros Orientales y su \u00e1rea de influencia\u00bb. Contrato 1-02-24300-00853-2014.<\/li>\n<\/ul>\n<\/details>\n\n\n\n<div style=\"height:30px\" aria-hidden=\"true\" class=\"wp-block-spacer\"><\/div>\n\n\n\n<details class=\"wp-block-details is-layout-flow wp-block-details-is-layout-flow\"><summary>AMENAZA &#8211; CAMBIO CLIM\u00c1TICO <\/summary>\n<ul>\n<li>Estudio y dise\u00f1o de alternativas de soluci\u00f3n para enfrentar el problema de amenazas de inundaciones r\u00edo tapias en un tramo de 54 kil\u00f3metros en los municipios de Riohacha y dibulla. contrato no. 0011 de 2012<\/li>\n<\/ul>\n\n\n\n<ul>\n<li>Interventor\u00eda t\u00e9cnica a la \u00abelaboraci\u00f3n de un marco t\u00e9cnico para la evaluaci\u00f3n y modelamiento espacio &#8211; temporal de los riesgos por inundaci\u00f3n, din\u00e1mica fluvial y eventos geot\u00e9cnicos y caracterizaci\u00f3n de zonas inundables en las cuencas hidrogr\u00e1ficas de los r\u00edos tapias, jerez, ca\u00f1as, tomarraz\u00f3n, carraip\u00eda y rancher\u00eda, localizadas en jurisdicci\u00f3n de corpoguajira.<\/li>\n<\/ul>\n\n\n\n<ul>\n<li>Estudio y Dise\u00f1o de alternativas de soluci\u00f3n para enfrentar el problema de amenazas de inundaciones del R\u00edo Tomarraz\u00f3n &#8211; Camarones, Sector de Barbacoas. Contrato No.0089 de 2009<\/li>\n<\/ul>\n\n\n\n<ul>\n<li>Evaluaci\u00f3n de la amenaza de inundaci\u00f3n y verificaci\u00f3n del grado de amenaza de mil ochenta y seis (1.086) viviendas localizadas en el departamento de La Guajira, en el marco del \u00abPrograma Nacional de Reubicaci\u00f3n y reconstrucci\u00f3n de viviendas para la atenci\u00f3n de hogares damnificados y\/o localizados en zonas de alto riesgo no mitigable afectados por los eventos derivados del fen\u00f3meno de La Ni\u00f1a 2010 &#8211; 2011 en el Departamento de La Guajira. Contrato 421 de 2015.<\/li>\n<\/ul>\n\n\n\n<ul>\n<li>Realizar la evaluaci\u00f3n y zonificaci\u00f3n de amenaza y vulnerabilidad (fase 1) en los corredores de los r\u00edos Cali, Aguacatal, Ca\u00f1averalejo, Mel\u00e9ndez, Lil\u00ed y Pance. Localizados en el municipio de Santiago de Cali, del Proyecto 7003 &#8211; Apoyo a la gesti\u00f3n del riesgo en la zona urbana de Santiago de Cali. Contrato 424 de 2018.<\/li>\n<\/ul>\n<\/details>\n\n\n\n<div style=\"height:30px\" aria-hidden=\"true\" class=\"wp-block-spacer\"><\/div>\n\n\n\n<details class=\"wp-block-details is-layout-flow wp-block-details-is-layout-flow\"><summary>AGUAS RESIDUALES<\/summary>\n<ul>\n<li>Interventor\u00eda a la realizaci\u00f3n del dise\u00f1o a nivel de ingenier\u00eda de detalle de la planta de tratamiento de aguas residuales de \u00abCanoas\u00bb en los componentes asociados al sistema de tratamiento primario con asistencia qu\u00edmica. Contrato de interventor\u00eda 1-15-25500-0846 de 2012. <\/li>\n<\/ul>\n\n\n\n<ul>\n<li>Interventor\u00eda al dise\u00f1o a nivel de ingenier\u00eda de detalle a la planta de tratamiento de aguas residuales Canoas, en todos los componentes asociados al sistema de tratamiento secundario con desinfecci\u00f3n. Contrato 2-15-25500-1433-2018<\/li>\n<\/ul>\n<\/details>\n\n\n\n<div style=\"height:30px\" aria-hidden=\"true\" class=\"wp-block-spacer\"><\/div>\n\n\n\n<details class=\"wp-block-details is-layout-flow wp-block-details-is-layout-flow\"><summary>AEROPUERTO<\/summary>\n<ul>\n<li>Realizar el an\u00e1lisis y modelaci\u00f3n de ruido del aeropuerto del Caf\u00e9. Contrato No 060 de 22 oct 2013.<\/li>\n<\/ul>\n\n\n\n<ul>\n<li>Contratar el servicio de monitoreo de aire y ruido para los aeropuertos de Riohacha y Barrancabermeja contrato: am-005-12-rhej<\/li>\n<\/ul>\n\n\n\n<ul>\n<li>Contratar el servicio de monitoreo de aire y ruido para los aeropuertos de santa marta y Valledupar contrato: am-004-12-smvp<\/li>\n<\/ul>\n\n\n\n<ul>\n<li>Contratar el servicio de monitoreo de aire y ruido para los aeropuertos de Bucaramanga y C\u00facuta contrato: am-001-12-bgcc<\/li>\n<\/ul>\n\n\n\n<ul>\n<li>Realizar el monitoreo de calidad de aire y ruido y manejo de residuos s\u00f3lidos en los aeropuertos de guaymaral, Neiva, Ibagu\u00e9, san Vicente del cagu\u00e1n, Florencia, Leticia, Flandes, pasto, armenia, Popay\u00e1n, Tumaco, Villavicencio, Yopal, Mit\u00fa y puerto Carre\u00f1o contrato 12000060-oh-2012.<\/li>\n<\/ul>\n\n\n\n<ul>\n<li>Monitoreo Ambiental del Aeropuerto Internacional Mateca\u00f1a para la vigencia 2012.<\/li>\n<\/ul>\n\n\n\n<ul>\n<li>Monitoreo de Calidad de Aire y Ruido del Aeropuerto Internacional El Dorado de la ciudad de Bogot\u00e1 D.C. Contrato No.12000047-OH-2012<\/li>\n<\/ul>\n\n\n\n<ul>\n<li>Monitoreo de calidad de aire y ruido de los aeropuertos de C\u00facuta y Bucaramanga<\/li>\n<\/ul>\n\n\n\n<ul>\n<li>Monitoreo de calidad de aire y ruido de los aeropuertos de Valledupar y Santa Marta<\/li>\n<\/ul>\n\n\n\n<ul>\n<li>Monitoreo de calidad de aire y ruido de los aeropuertos de Barrancabermeja y Riohacha<\/li>\n<\/ul>\n\n\n\n<ul>\n<li>Monitoreo de Calidad de Aire y Ruido del Aeropuerto Internacional El Dorado de la ciudad de Bogot\u00e1 D.C. Contrato No.11000183-OH-2011<\/li>\n<\/ul>\n\n\n\n<ul>\n<li>Monitoreo Ambiental del Aeropuerto Internacional Mateca\u00f1a para la vigencia 2011<\/li>\n<\/ul>\n\n\n\n<ul>\n<li>Elaboraci\u00f3n de Mapas de Ruido con base en Mediciones y Modelaci\u00f3n LDN en el \u00c1rea de influencia del Aeropuerto Internacional Mateca\u00f1a.Contrato No. 2010091<\/li>\n<\/ul>\n\n\n\n<ul>\n<li>Elaboraci\u00f3n del monitoreo de calidad de aire, ruido y manejo de residuos s\u00f3lidos en los aeropuertos de Puerto As\u00eds, Popay\u00e1n, C\u00facuta, Bucaramanga, Leticia, Riohacha, Santa Marta, Mit\u00fa, Barrancabermeja, Neiva, Guaymaral y Armenia. Contrato No.10000090-OH-2010<\/li>\n<\/ul>\n\n\n\n<ul>\n<li>Realizar El Monitoreo de Calidad de Aire y Ruido en el Aeropuerto Internacional El Dorado. Contrato 9000281-OH-2009<\/li>\n<\/ul>\n\n\n\n<ul>\n<li>Contratar La Elaboraci\u00f3n Del Monitoreo de Calidad de Aire y Ruido en el Aeropuerto Internacional El Dorado. Contrato No.8000166-OH-2008<\/li>\n<\/ul>\n<\/details>\n\n\n\n<div style=\"height:30px\" aria-hidden=\"true\" class=\"wp-block-spacer\"><\/div>\n\n\n\n<details class=\"wp-block-details is-layout-flow wp-block-details-is-layout-flow\"><summary>EMBALSES<\/summary>\n<ul>\n<li>Servicios de Consultor\u00eda para Desarrollar Los Estudios De La Factibilidad T\u00e9cnica, Econ\u00f3mica y Ambiental del Proyecto de Embalse San Jos\u00e9. Contrato No. 503 de 2010<\/li>\n<\/ul>\n\n\n\n<ul>\n<li>Realizar la Consultor\u00eda para la Actualizaci\u00f3n y Complementaci\u00f3n de la Factibilidad T\u00e9cnica ,Econ\u00f3mica y Ambiental del Proyecto de Embalse Tibita en el Marco del Documento Compes No.3451, Estrategia No.3 \u00abMejoramiento de La Capacidad de Regulaci\u00f3n H\u00eddrica\u00bb, Proyecto Denominado \u00abDise\u00f1o y Construcci\u00f3n de Embalse en Las Cuencas Altas de los R\u00edos Aportantes a la Laguna F\u00faquene,Lenguazaque,Simijaca y Suta.\u00bb . Contrato No.1351 DE 2008<\/li>\n<\/ul>\n\n\n\n<ul>\n<li>Realizar los dise\u00f1os detallados y estudios complementarios del proyecto Embalse Calandaima. Contrato 1186 de 2014.<\/li>\n<\/ul>\n\n\n\n<ul>\n<li>Actualizaci\u00f3n de los estudios complementarios y dise\u00f1os detallados del Embalse Pantano de Arce II, Subachoque, Cundinamarca. Contrato EPC-PDA-C-256 de 2018<\/li>\n<\/ul>\n\n\n\n<ul>\n<li>Realizar la verificaci\u00f3n y ajuste del componente bi\u00f3tico del estudio de impacto ambiental de acuerdo con la normativa ambiental actual legal vigente del proyecto \u201cConstrucci\u00f3n Embalse Calandaima\u201d. Contrato No. EPC-C-368-2019<\/li>\n\n\n\n<li><\/li>\n\n\n\n<li>Realizar estudios y dise\u00f1os de la red de conexi\u00f3n entre el embalse Calandaima y las plantas de tratamiento de agua potable de los municipios de Apulo y Tocaima. Contrato EPC-C-347 de 2016.<\/li>\n<\/ul>\n<\/details>\n\n\n\n<div style=\"height:30px\" aria-hidden=\"true\" class=\"wp-block-spacer\"><\/div>\n\n\n\n<details class=\"wp-block-details is-layout-flow wp-block-details-is-layout-flow\"><summary>LIXIVIADOS &#8211; RELLENOS SANITARIOS<\/summary>\n<ul>\n<li>Proyecto de Recuperaci\u00f3n de Suelos Erosionados de la Hacienda Cruz Verde, Mediante Compostaje de Residuos Solidos, incluye Caracterizaci\u00f3n y Dise\u00f1o de un Proyecto de Manejo que incluye Selecci\u00f3n Mec\u00e1nica, Separaci\u00f3n, Reciclaje, Compostaje y Disposici\u00f3n en Relleno Sanitario.<\/li>\n<\/ul>\n\n\n\n<ul>\n<li>Contratar La Interventor\u00eda T\u00e9cnica para los Dise\u00f1os y Construcci\u00f3n del Relleno Sanitario Regional del Sur, Para los Municipios de Hatonuevo,Barrancas,Fonseca,Distracci\u00f3n,San Juan del C\u00e9sar, El Molino, Villanueva, Urumita y La Jagua Del Pilar en el Departamento de la Guajira. Contrato No.0015 DE 2010<\/li>\n<\/ul>\n\n\n\n<ul>\n<li>Interventor\u00eda T\u00e9cnica, Administrativa y Financiera de los Proyectos de los Subcomponentes: \u201cProducci\u00f3n m\u00e1s Limpia &#8211; PML- y del Subcomponente de \u201cAprovechamiento y Valorizaci\u00f3n de Residuos \u2013 Programa SINA II\u201d. Contrato No. 42F &#8211; 08.<\/li>\n<\/ul>\n\n\n\n<ul>\n<li>Elaboraci\u00f3n del Plan de Gesti\u00f3n Integral de Residuos S\u00f3lidos PGIRS para los Municipios de Boavita, Covarach\u00eda, La Uvita, Soat\u00e1, Susac\u00f3n, Tipacoque y San Mateo de la Provincia Norte, Departamento de Boyac\u00e1. Contrato No. 010 de 2005.<\/li>\n<\/ul>\n\n\n\n<ul>\n<li>Formular el Plan de Gesti\u00f3n Integral de Residuos S\u00f3lidos PGIRS para los Municipios de Bet\u00e9itiva, Paz de R\u00edo, Socha, Socot\u00e1 y Tasco de la Provincia de Valderrama, Departamento de Boyac\u00e1. Contrato No. 011 de 2005.<\/li>\n<\/ul>\n\n\n\n<ul>\n<li>Comprende todas las Actividades T\u00e9cnicas, Visitas de Campo, Desarrollo de Talleres de Trabajo, La Investigaci\u00f3n, La Evaluaci\u00f3n y An\u00e1lisis de la Informaci\u00f3n, La Consulta con los diferentes actores Involucrados, Para el Desarrollo de los Criterios T\u00e9cnicos para el Aprochamiento y Valorizaci\u00f3n de Residuos S\u00f3lidos post Consumo Org\u00e1nicos con alta tasa de Biodegradaci\u00f3n, Residuos Pl\u00e1sticos, Residuos de Vidrio, Residuos de Papel y Cart\u00f3n. Contrato No.488 DE 2008.<\/li>\n<\/ul>\n\n\n\n<ul>\n<li>Interventor\u00eda T\u00e9cnica, Administrativa y Financiera de los Proyectos de las Corporaciones: Grupo 1: CSB y Corpoguajira, en el marco del Subcomponente de \u201cGesti\u00f3n Integral de Residuos S\u00f3lidos \u2013PGIRS-\u201d del Programa SINA II\u201d. Contrato No. C-0415-08<\/li>\n<\/ul>\n\n\n\n<ul>\n<li>Realizar La Interventor\u00eda para los Contratos que Aguas del Cesar S.A. ESP Suscriba para la prestaci\u00f3n del Servicio de Aseo en el Departamento del Cesar. Contrato No. 031 &#8211; 2009<\/li>\n<\/ul>\n\n\n\n<ul>\n<li>Dise\u00f1o de la Planta de Manejo Integral de Residuos S\u00f3lidos del Municipio de Guaduas Cundinamarca. Contrato No. GHK 0052 DE 1999<\/li>\n<\/ul>\n\n\n\n<ul>\n<li>Estudios de factibilidad para el sistema de tratamiento de lixiviados del Relleno Sanitario Do\u00f1a Juana del Distrito Capital, mediante el tratamiento t\u00e9rmico y\/o similares con generaci\u00f3n de energ\u00eda y\/o sub productos incluyendo su an\u00e1lisis costo beneficio y evaluaci\u00f3n econ\u00f3mica y financiera. Contrato de Consultor\u00eda N\u00b0 UAESP-760-2020<\/li>\n<\/ul>\n<\/details>\n\n\n\n<div style=\"height:30px\" aria-hidden=\"true\" class=\"wp-block-spacer\"><\/div>\n\n\n\n<details class=\"wp-block-details is-layout-flow wp-block-details-is-layout-flow\"><summary>MANEJO AMBIENTAL<\/summary>\n<ul>\n<li>Elaborar los planes de manejo ambiental (actualizaci\u00f3n) de los aeropuertos de Guaymaral, Pasto y Tumaco<\/li>\n<\/ul>\n\n\n\n<ul>\n<li>Elaboraci\u00f3n de los planes de manejo ambiental (actualizaci\u00f3n) de los aeropuertos de Oca\u00f1a y Guapi.<\/li>\n<\/ul>\n\n\n\n<ul>\n<li>Consultor\u00eda para formular el componente ambiental del plan parcial de renovaci\u00f3n urbana Estaci\u00f3n Central, de acuerdo con los requerimientos de la Secretar\u00eda Distrital de Ambiente y dem\u00e1s autoridades del Distrito. Contrato No. 044-2010<\/li>\n<\/ul>\n\n\n\n<ul>\n<li>Plan de Manejo Vegetal y Paisaj\u00edstico de las L\u00edneas de Transmisi\u00f3n, Subtransmisi\u00f3n, Redes de Distribuci\u00f3n y Subestaciones que forman parte del Plan de Inversiones Prioritarias de la Costa Atl\u00e1ntica. Contrato No. 3690 DE 1997.<\/li>\n<\/ul>\n\n\n\n<ul>\n<li>Plan de manejo ambiental para la expansi\u00f3n de la capacidad de generaci\u00f3n de la Central Termoel\u00e9ctrica de las flores mediante ciclo combinado (floresIV) en Barranquilla (Atl\u00e1ntico).<\/li>\n<\/ul>\n\n\n\n<ul>\n<li>Contratar la Elaboraci\u00f3n de Estudios, Dise\u00f1os y\/o Implementaci\u00f3n de Planes de Manejo para las \u00c1reas de Protecci\u00f3n y Conservaci\u00f3n del Departamento de Cundinamarca. Contrato No. 002 DE 2001<\/li>\n<\/ul>\n\n\n\n<ul>\n<li>Direcci\u00f3n y Coordinaci\u00f3n T\u00e9cnica de los Planes de Manejo Ambiental de la Construcci\u00f3n de los Proyectos del Plan de Inversiones Prioritarias de la costa Atl\u00e1ntica PLANIEP &#8211; GERCON LTDA &#8211; CORELCA &#8211; 50 proyectos.<\/li>\n<\/ul>\n\n\n\n<ul>\n<li>Contratar la Reforestaci\u00f3n, Protecci\u00f3n, Obras Biomec\u00e1nicas y Mec\u00e1nicas en el Departamento de Cundinamarca \u2013 Implementaci\u00f3n del Plan de Manejo del Pantano de Martos. Contrato No. 001 DE 2002<\/li>\n<\/ul>\n\n\n\n<ul>\n<li>Llevar a cabo el Servicio de Consultor\u00eda para Evaluaciones y Seguimientos de las Licencias Ambientales, Planes de manejo, Planes de Recuperaci\u00f3n o Restauraci\u00f3n Ambiental, Permisos y Viabilidades Ambientales Establecidos en la Ley y Normas Reglamentarias. Contrato 000037 DE 2000<\/li>\n<\/ul>\n\n\n\n<ul>\n<li>Formulaci\u00f3n del Plan de manejo ambiental para la reserva forestal protectora de los r\u00edos Blanco y Negro, en el marco del proyecto \u00abConservaci\u00f3n, restauraci\u00f3n y uso sostenible de servicios ecosist\u00e9micos entre los p\u00e1ramos de Chingaza, Guerrero, Sumapaz, los Cerros Orientales y su \u00e1rea de influencia\u00bb. Contrato 1-02-24300-0951-2014.<\/li>\n<\/ul>\n\n\n\n<ul>\n<li>Consultor\u00eda para la Evaluaci\u00f3n de Viabilidades Ambientales, Licencias, Planes de Manejo, Planes de Restauraci\u00f3n y Permisos Establecidos en la Ley y Normas Reglamentarias, en Diversos Municipios del Departamento del Atl\u00e1ntico. Contrato No. 0026 DE 1999.<\/li>\n<\/ul>\n\n\n\n<ul>\n<li>Consultor\u00eda para la Evaluaci\u00f3n de Viabilidades Ambientales, Licencias, Planes de Manejo, Planes de Restauraci\u00f3n y Permisos Establecidos en la Ley y Normas Reglamentarias, en Diversos Municipios del Departamento del Atl\u00e1ntico. Contrato No. 0014 DE 2000.<\/li>\n<\/ul>\n<\/details>\n\n\n\n<div style=\"height:30px\" aria-hidden=\"true\" class=\"wp-block-spacer\"><\/div>\n\n\n\n<details class=\"wp-block-details is-layout-flow wp-block-details-is-layout-flow\"><summary>POMCA<\/summary>\n<ul>\n<li>Formulaci\u00f3n del Plan de Ordenaci\u00f3n y Manejo de la Microcuenca de la Quebrada Santa Elena, Municipio de Medell\u00edn. Contrato N\u00ba 600 de 2006.<\/li>\n<\/ul>\n\n\n\n<ul>\n<li>Formulaci\u00f3n del Plan de Ordenaci\u00f3n y Manejo de la Microcuenca de la Quebrada La Grande, Municipio de la Estrella. Contrato No. 601 DE 2006.<\/li>\n<\/ul>\n\n\n\n<ul>\n<li>Estudios B\u00e1sicos para el Plan de Manejo Integrado de la Ci\u00e9naga de San Silvestre y su Cuenca Hidrogr\u00e1fica. Contrato No. 081-91.<\/li>\n<\/ul>\n\n\n\n<ul>\n<li>Plan Integral de Ordenaci\u00f3n y Manejo de la Cuenca Hidrogr\u00e1fica del R\u00edo Teusac\u00e1.y Adicional 1 Cuyo Objeto es Plan de Ordenamiento Territorial del Municipio de Sop\u00f3 Cundinamarca. Contrato No. 476 DE 1997 y Adicional 1<\/li>\n<\/ul>\n\n\n\n<ul>\n<li>Planes de ordenamiento y manejo de las microcuencas de El Bizcocho y El Arenal del municipio de San Rafael. Contrato No. 045 DE 1996.<\/li>\n<\/ul>\n\n\n\n<ul>\n<li>Formulaci\u00f3n del Plan de ordenaci\u00f3n y manejo de las cuencas del NSS Ancho y otros directos al caribe, localizadas en el municipio de Dibulla, Departamento de La Guajira, Regi\u00f3n Caribe. Contrato 0053 de 2016.<\/li>\n<\/ul>\n\n\n\n<ul>\n<li>Consuloria para ajustar (actualizar) el Plan de Ordenaci\u00f3n y Manejo de la Cuenca Hidrogr\u00e1fica del Rio La Vieja, (CODIGO 2612), en el marco del proyecto incorporaci\u00f3n del componente de gesti\u00f3n del riesgo como determinante ambiental del ordenamiento territorial en los procesos de fomulaci\u00f3n y\/o actualizaci\u00f3n de planes de ordenaci\u00f3n y manejo de cuencas hidrogr\u00e1ficas afectadas por el fen\u00f3meno de La Ni\u00f1a 2010 &#8211; 2011. Contrato No. 001-2015<\/li>\n<\/ul>\n<\/details>\n\n\n\n<div style=\"height:40px\" aria-hidden=\"true\" class=\"wp-block-spacer\"><\/div>\n\n\n<div class=\"wp-block-image\">\n<figure class=\"aligncenter size-full\"><img loading=\"lazy\" decoding=\"async\" width=\"797\" height=\"202\" src=\"https:\/\/epamsa.com\/wp-content\/uploads\/2023\/12\/Proyectos.png\" alt=\"\" class=\"wp-image-630\" srcset=\"https:\/\/epamsa.com\/wp-content\/uploads\/2023\/12\/Proyectos.png 797w, https:\/\/epamsa.com\/wp-content\/uploads\/2023\/12\/Proyectos-300x76.png 300w, https:\/\/epamsa.com\/wp-content\/uploads\/2023\/12\/Proyectos-768x195.png 768w, https:\/\/epamsa.com\/wp-content\/uploads\/2023\/12\/Proyectos-600x152.png 600w\" sizes=\"(max-width: 797px) 100vw, 797px\" \/><\/figure><\/div>","protected":false},"excerpt":{"rendered":"","protected":false},"author":1,"featured_media":0,"parent":0,"menu_order":0,"comment_status":"closed","ping_status":"closed","template":"","meta":{"footnotes":""},"_links":{"self":[{"href":"https:\/\/epamsa.com\/index.php\/wp-json\/wp\/v2\/pages\/141"}],"collection":[{"href":"https:\/\/epamsa.com\/index.php\/wp-json\/wp\/v2\/pages"}],"about":[{"href":"https:\/\/epamsa.com\/index.php\/wp-json\/wp\/v2\/types\/page"}],"author":[{"embeddable":true,"href":"https:\/\/epamsa.com\/index.php\/wp-json\/wp\/v2\/users\/1"}],"replies":[{"embeddable":true,"href":"https:\/\/epamsa.com\/index.php\/wp-json\/wp\/v2\/comments?post=141"}],"version-history":[{"count":11,"href":"https:\/\/epamsa.com\/index.php\/wp-json\/wp\/v2\/pages\/141\/revisions"}],"predecessor-version":[{"id":635,"href":"https:\/\/epamsa.com\/index.php\/wp-json\/wp\/v2\/pages\/141\/revisions\/635"}],"wp:attachment":[{"href":"https:\/\/epamsa.com\/index.php\/wp-json\/wp\/v2\/media?parent=141"}],"curies":[{"name":"wp","href":"https:\/\/api.w.org\/{rel}","templated":true}]}}