{"id":45,"date":"2011-04-28T15:03:50","date_gmt":"2011-04-28T15:03:50","guid":{"rendered":"http:\/\/epamsa.com\/?page_id=45"},"modified":"2023-12-27T16:38:38","modified_gmt":"2023-12-27T16:38:38","slug":"clientes","status":"publish","type":"page","link":"https:\/\/epamsa.com\/index.php\/clientes\/","title":{"rendered":"CLIENTES"},"content":{"rendered":"<p class=\"cvGsUA direction-ltr align-center para-style-body\"><span class=\"OYPEnA text-decoration-none text-strikethrough-none\">Nuestros clientes son la piedra angular de nuestro compa\u00f1\u00eda, es por esto que, buscamos contribuir a su crecimiento y \u00e9xito, al brindar soluciones innovadoras y servicios de alta calidad. Su satisfacci\u00f3n es la mejor evidencia de nuestro compromiso con la excelencia.<\/span><\/p>\n<p class=\"cvGsUA direction-ltr align-center para-style-body\"><span class=\"OYPEnA text-decoration-none text-strikethrough-none\">Algunos de nuestros clientes son:<\/span><span class=\"OYPEnA text-decoration-none text-strikethrough-none white-space-prewrap\"> <\/span><\/p>\n<p><img loading=\"lazy\" decoding=\"async\" src=\"http:\/\/epamsa.com\/wp-content\/uploads\/2023\/12\/Clientes.png\" alt=\"\" width=\"590\" height=\"803\" class=\"aligncenter size-full wp-image-586\" srcset=\"https:\/\/epamsa.com\/wp-content\/uploads\/2023\/12\/Clientes.png 590w, https:\/\/epamsa.com\/wp-content\/uploads\/2023\/12\/Clientes-220x300.png 220w\" sizes=\"(max-width: 590px) 100vw, 590px\" \/><\/p>\n","protected":false},"excerpt":{"rendered":"<p>Nuestros clientes son la piedra angular de nuestro compa\u00f1\u00eda, es por esto que, buscamos contribuir a su crecimiento y \u00e9xito, al brindar soluciones innovadoras y servicios de alta calidad. Su satisfacci\u00f3n es la mejor evidencia de nuestro compromiso con la excelencia. Algunos de nuestros clientes son:<\/p>\n","protected":false},"author":1,"featured_media":0,"parent":0,"menu_order":0,"comment_status":"closed","ping_status":"closed","template":"","meta":{"footnotes":""},"_links":{"self":[{"href":"https:\/\/epamsa.com\/index.php\/wp-json\/wp\/v2\/pages\/45"}],"collection":[{"href":"https:\/\/epamsa.com\/index.php\/wp-json\/wp\/v2\/pages"}],"about":[{"href":"https:\/\/epamsa.com\/index.php\/wp-json\/wp\/v2\/types\/page"}],"author":[{"embeddable":true,"href":"https:\/\/epamsa.com\/index.php\/wp-json\/wp\/v2\/users\/1"}],"replies":[{"embeddable":true,"href":"https:\/\/epamsa.com\/index.php\/wp-json\/wp\/v2\/comments?post=45"}],"version-history":[{"count":2,"href":"https:\/\/epamsa.com\/index.php\/wp-json\/wp\/v2\/pages\/45\/revisions"}],"predecessor-version":[{"id":587,"href":"https:\/\/epamsa.com\/index.php\/wp-json\/wp\/v2\/pages\/45\/revisions\/587"}],"wp:attachment":[{"href":"https:\/\/epamsa.com\/index.php\/wp-json\/wp\/v2\/media?parent=45"}],"curies":[{"name":"wp","href":"https:\/\/api.w.org\/{rel}","templated":true}]}}