{"id":48,"date":"2011-05-03T17:41:31","date_gmt":"2011-05-03T17:41:31","guid":{"rendered":"http:\/\/epamsa.com\/?page_id=48"},"modified":"2023-12-28T03:02:22","modified_gmt":"2023-12-28T03:02:22","slug":"epam-s-a-s","status":"publish","type":"page","link":"https:\/\/epamsa.com\/index.php\/epam-s-a-s\/","title":{"rendered":"Qui\u00e9nes Somos"},"content":{"rendered":"\n<div class=\"wp-block-group is-vertical is-layout-flex wp-container-core-group-layout-1 wp-block-group-is-layout-flex\">\n<p class=\"has-text-align-left\"><span style=\"color: #000000;\"><strong>EPAM S.A.S<\/strong> es una empresa de consultor\u00eda, creada en 1978 en\u00a0Colombia, con el fin de atender las necesidades de\u00a0organizaciones profesionales dedicadas al estudio cient\u00edfico y\u00a0t\u00e9cnico de los problemas del ambiente y de la ordenaci\u00f3n del\u00a0territorio, as\u00ed como, el dise\u00f1o de soluciones para los mismos.<\/span><\/p>\n\n\n\n<p><\/p>\n\n\n\n<p class=\"has-text-align-left\"><span style=\"color: #000000;\">Desde su creaci\u00f3n, <strong>EPAM<\/strong> dirige y coordina sus proyectos en\u00a0sus oficinas ubicadas en la ciudad de Bogot\u00e1 y sucursales\u00a0temporales en las localizaciones de ejecuci\u00f3n de cada\u00a0contrato.<\/span><\/p>\n\n\n\n<p><\/p>\n\n\n\n<p class=\"has-text-align-left\"><span style=\"color: #000000;\">Durante su trayectoria, ha desarrollado proyectos en varias\u00a0regiones del pa\u00eds como el Eje Cafetero, La Guajira, Valle del\u00a0Cauca, Boyac\u00e1, entre otras. Su eje central de ejecuci\u00f3n se\u00a0ubica en la regi\u00f3n Andina, m\u00e1s espec\u00edficamente en el\u00a0departamento de Cundinamarca, en diversos proyectos en los\u00a0componentes de evaluaci\u00f3n de impacto ambiental, gesti\u00f3n,\u00a0evaluaci\u00f3n y planificaci\u00f3n del recurso h\u00eddrico, planes y\u00a0estudios de ordenamiento territorial, dise\u00f1o, entre otros.<\/span><\/p>\n<\/div>\n\n\n<div class=\"wp-block-image\">\n<figure class=\"aligncenter size-full is-resized\"><img loading=\"lazy\" decoding=\"async\" width=\"235\" height=\"376\" src=\"https:\/\/epamsa.com\/wp-content\/uploads\/2023\/12\/mapa.png\" alt=\"\" class=\"wp-image-567\" style=\"width:200px;height:auto\" srcset=\"https:\/\/epamsa.com\/wp-content\/uploads\/2023\/12\/mapa.png 235w, https:\/\/epamsa.com\/wp-content\/uploads\/2023\/12\/mapa-188x300.png 188w\" sizes=\"(max-width: 235px) 100vw, 235px\" \/><\/figure><\/div>\n\n\n<div style=\"height:50px\" aria-hidden=\"true\" class=\"wp-block-spacer\"><\/div>\n\n\n\n<hr class=\"wp-block-separator has-alpha-channel-opacity is-style-wide\"\/>\n\n\n\n<h2 class=\"wp-block-heading\">Misi\u00f3n<\/h2>\n\n\n\n<p>EPAM S.A.S es una empresa l\u00edder en el campo del asesoramiento, consultor\u00eda y gesti\u00f3n ambiental integral, de proyectos, empresas y organizaciones; que busca ofrecer servicios de calidad a sus clientes a partir de la ejecuci\u00f3n de actividades por parte de personal competente, haciendo uso de equipos y materiales de calidad y con un costo a su alcance.<\/p>\n\n\n\n<div style=\"height:37px\" aria-hidden=\"true\" class=\"wp-block-spacer\"><\/div>\n\n\n\n<h2 class=\"wp-block-heading\">Visi\u00f3n<\/h2>\n\n\n\n<p>Hacia el a\u00f1o 2025, EPAM S.A.S ser\u00e1 reconocida en el \u00e1mbito nacional e internacional como una empresa l\u00edder en el campo de la gesti\u00f3n ambiental de proyectos, dise\u00f1o y aplicaci\u00f3n de tecnolog\u00edas de energ\u00edas renovables y adaptaci\u00f3n al cambio clim\u00e1tico, para lo cual podr\u00e1 suministrar equipos y servicios especializados y construir obras de ingenier\u00eda y control de riesgos. La atenci\u00f3n a sus clientes incluir\u00e1 los m\u00e1s modernos equipos y avances tecnol\u00f3gicos que permitir\u00e1 hacer compatibles la defensa del medio ambiente con el desarrollo econ\u00f3mico y social de las comunidades. En la b\u00fasqueda de los anteriores fines, EPAM S.A.S. no busca ser una empresa grande sino una gran\u00a0 empresa.<\/p>\n\n\n\n<div style=\"height:50px\" aria-hidden=\"true\" class=\"wp-block-spacer\"><\/div>\n\n\n\n<h2 class=\"wp-block-heading\">Valores<\/h2>\n\n\n<div class=\"wp-block-image\">\n<figure class=\"aligncenter\"><img loading=\"lazy\" decoding=\"async\" width=\"495\" height=\"288\" src=\"http:\/\/epamsa.com\/wp-content\/uploads\/2023\/12\/Valores_.png\" alt=\"\" class=\"wp-image-542\" srcset=\"https:\/\/epamsa.com\/wp-content\/uploads\/2023\/12\/Valores_.png 495w, https:\/\/epamsa.com\/wp-content\/uploads\/2023\/12\/Valores_-300x175.png 300w\" sizes=\"(max-width: 495px) 100vw, 495px\" \/><\/figure><\/div>\n\n\n<div style=\"height:58px\" aria-hidden=\"true\" class=\"wp-block-spacer\"><\/div>\n\n\n\n<hr class=\"wp-block-separator has-alpha-channel-opacity is-style-wide\"\/>\n\n\n\n<h2 class=\"wp-block-heading\">Pol\u00edtica de Calidad<\/h2>\n\n\n\n<p>Es compromiso de la compa\u00f1\u00eda, prestar un servicio de&nbsp;calidad, buscando cumplir con los requisitos definidos&nbsp;por el cliente y la organizaci\u00f3n para cada producto,&nbsp;asegurando personal competente y mejorando&nbsp;continuamente la eficacia del sistema de gesti\u00f3n de&nbsp;calidad.<\/p>\n\n\n\n<p>Con fecha 2010-10-26 la firma obtuvo el Certificado de&nbsp;Calidad para servicios de consultor\u00eda en el campo de la&nbsp;ingenier\u00eda ambiental<\/p>\n\n\n<div class=\"wp-block-image\">\n<figure class=\"aligncenter\"><img loading=\"lazy\" decoding=\"async\" width=\"476\" height=\"331\" src=\"http:\/\/epamsa.com\/wp-content\/uploads\/2011\/05\/Logo-calidad.jpg\" alt=\"Logo calidad\" class=\"wp-image-444\" srcset=\"https:\/\/epamsa.com\/wp-content\/uploads\/2011\/05\/Logo-calidad.jpg 476w, https:\/\/epamsa.com\/wp-content\/uploads\/2011\/05\/Logo-calidad-300x209.jpg 300w\" sizes=\"(max-width: 476px) 100vw, 476px\" \/><\/figure><\/div>","protected":false},"excerpt":{"rendered":"<p>EPAM S.A.S es una empresa de consultor\u00eda, creada en 1978 en\u00a0Colombia, con el fin de atender las necesidades de\u00a0organizaciones profesionales dedicadas al estudio cient\u00edfico y\u00a0t\u00e9cnico de los problemas del ambiente y de la ordenaci\u00f3n del\u00a0territorio, as\u00ed como, el dise\u00f1o de soluciones para los mismos. Desde su creaci\u00f3n, EPAM dirige y [&hellip;]<\/p>\n","protected":false},"author":1,"featured_media":0,"parent":0,"menu_order":0,"comment_status":"closed","ping_status":"closed","template":"","meta":{"footnotes":""},"_links":{"self":[{"href":"https:\/\/epamsa.com\/index.php\/wp-json\/wp\/v2\/pages\/48"}],"collection":[{"href":"https:\/\/epamsa.com\/index.php\/wp-json\/wp\/v2\/pages"}],"about":[{"href":"https:\/\/epamsa.com\/index.php\/wp-json\/wp\/v2\/types\/page"}],"author":[{"embeddable":true,"href":"https:\/\/epamsa.com\/index.php\/wp-json\/wp\/v2\/users\/1"}],"replies":[{"embeddable":true,"href":"https:\/\/epamsa.com\/index.php\/wp-json\/wp\/v2\/comments?post=48"}],"version-history":[{"count":27,"href":"https:\/\/epamsa.com\/index.php\/wp-json\/wp\/v2\/pages\/48\/revisions"}],"predecessor-version":[{"id":634,"href":"https:\/\/epamsa.com\/index.php\/wp-json\/wp\/v2\/pages\/48\/revisions\/634"}],"wp:attachment":[{"href":"https:\/\/epamsa.com\/index.php\/wp-json\/wp\/v2\/media?parent=48"}],"curies":[{"name":"wp","href":"https:\/\/api.w.org\/{rel}","templated":true}]}}