{"id":52,"date":"2011-05-03T17:48:09","date_gmt":"2011-05-03T17:48:09","guid":{"rendered":"http:\/\/epamsa.com\/?page_id=52"},"modified":"2023-12-27T16:30:57","modified_gmt":"2023-12-27T16:30:57","slug":"calidad","status":"publish","type":"page","link":"https:\/\/epamsa.com\/index.php\/calidad\/","title":{"rendered":"\u00c1reas de desarrollo"},"content":{"rendered":"\n<div class=\"wp-block-columns is-layout-flex wp-container-core-columns-layout-1 wp-block-columns-is-layout-flex\">\n<div class=\"wp-block-column is-layout-flow wp-block-column-is-layout-flow\" style=\"flex-basis:33.33%\">\n<figure class=\"wp-block-image size-large is-resized\"><img loading=\"lazy\" decoding=\"async\" width=\"222\" height=\"1024\" src=\"http:\/\/epamsa.com\/wp-content\/uploads\/2023\/12\/Area1-222x1024.png\" alt=\"\" class=\"wp-image-580\" style=\"width:232px;height:auto\" srcset=\"https:\/\/epamsa.com\/wp-content\/uploads\/2023\/12\/Area1-222x1024.png 222w, https:\/\/epamsa.com\/wp-content\/uploads\/2023\/12\/Area1-65x300.png 65w, https:\/\/epamsa.com\/wp-content\/uploads\/2023\/12\/Area1.png 232w\" sizes=\"(max-width: 222px) 100vw, 222px\" \/><\/figure>\n<\/div>\n\n\n\n<div class=\"wp-block-column is-layout-flow wp-block-column-is-layout-flow\" style=\"flex-basis:66.66%\">\n<h2 class=\"wp-block-heading\"><strong>CUENCAS HIDROGR\u00c1FICAS<\/strong><\/h2>\n\n\n\n<ul>\n<li>Ordenamiento y gesti\u00f3n<\/li>\n\n\n\n<li>Correcci\u00f3n torrencial<\/li>\n\n\n\n<li>Control de erosi\u00f3n e inestabilidad de taludes<\/li>\n\n\n\n<li>Control de inundaciones<\/li>\n\n\n\n<li>Conservaci\u00f3n de suelos agropecuarios<\/li>\n\n\n\n<li>Uso adecuado del suelo y el agua<\/li>\n\n\n\n<li>Estudios clim\u00e1ticos, hidrol\u00f3gicos, geomorfol\u00f3gicos y geot\u00e9cnicos<\/li>\n\n\n\n<li>Evaluaci\u00f3n, seguimiento y control ambiental de proyectos hidr\u00e1ulicos<\/li>\n\n\n\n<li>Dise\u00f1o de embalses<\/li>\n<\/ul>\n\n\n\n<h2 class=\"wp-block-heading\"><strong>MINAS Y CANTERAS<\/strong><\/h2>\n\n\n\n<ul>\n<li>Manejo ambiental<\/li>\n\n\n\n<li>Manejo de extracci\u00f3n, transporte, beneficio<\/li>\n\n\n\n<li>Almacenamiento de materiales de arrastre<\/li>\n\n\n\n<li>Planificaci\u00f3n regional minera<\/li>\n\n\n\n<li>Geolog\u00eda e inventario de recursos mineros<\/li>\n\n\n\n<li>Recuperaci\u00f3n de \u00e1reas degradadas por la miner\u00eda<\/li>\n\n\n\n<li>Evaluaci\u00f3n, seguimiento y control ambiental de explotaciones mineras<\/li>\n<\/ul>\n\n\n\n<h2 class=\"wp-block-heading\"><strong>INDUSTRIA Y ENERG\u00cdA<\/strong><\/h2>\n\n\n\n<ul>\n<li>Medici\u00f3n y control de emisiones atmosf\u00e9ricas y sonoras<\/li>\n\n\n\n<li>Monitoreo de la calidad del aire ambiente y del ruido<\/li>\n\n\n\n<li>Monitoreo y control de vertimientos industriales<\/li>\n\n\n\n<li>Evaluaci\u00f3n, seguimiento y control ambiental de actividades de producci\u00f3n, transporte, almacenamiento y distribuci\u00f3n de energ\u00e9ticos<\/li>\n\n\n\n<li>Evaluaci\u00f3n, seguimiento y control ambiental de industrias<\/li>\n\n\n\n<li>Monitoreo de estaciones hidrometeorol\u00f3gicas<\/li>\n<\/ul>\n<\/div>\n<\/div>\n\n\n\n<!--nextpage-->\n\n\n\n<div class=\"wp-block-columns is-layout-flex wp-container-core-columns-layout-2 wp-block-columns-is-layout-flex\">\n<div class=\"wp-block-column is-layout-flow wp-block-column-is-layout-flow\" style=\"flex-basis:33.33%\">\n<figure class=\"wp-block-image size-large is-resized\"><img loading=\"lazy\" decoding=\"async\" width=\"225\" height=\"1024\" src=\"http:\/\/epamsa.com\/wp-content\/uploads\/2023\/12\/EPAM-S.A.S-225x1024.png\" alt=\"\" class=\"wp-image-581\" style=\"width:188px;height:auto\" srcset=\"https:\/\/epamsa.com\/wp-content\/uploads\/2023\/12\/EPAM-S.A.S-225x1024.png 225w, https:\/\/epamsa.com\/wp-content\/uploads\/2023\/12\/EPAM-S.A.S-66x300.png 66w, https:\/\/epamsa.com\/wp-content\/uploads\/2023\/12\/EPAM-S.A.S.png 232w\" sizes=\"(max-width: 225px) 100vw, 225px\" \/><\/figure>\n<\/div>\n\n\n\n<div class=\"wp-block-column is-layout-flow wp-block-column-is-layout-flow\" style=\"flex-basis:66.66%\">\n<h2 class=\"wp-block-heading\"><strong>RECURSOS BIOL\u00d3GICOS<\/strong><\/h2>\n\n\n\n<ul>\n<li>Inventarios forestales, faun\u00edsticos e hidrobiol\u00f3gicos<\/li>\n\n\n\n<li>Planes de reforestaci\u00f3n protectora y protectora-productora<\/li>\n\n\n\n<li>Reforestaci\u00f3n<\/li>\n\n\n\n<li>Control de erosi\u00f3n y conservaci\u00f3n de suelos agropecuarios<\/li>\n\n\n\n<li>Repoblaci\u00f3n \u00edctica y acuacultura<\/li>\n\n\n\n<li>Evaluaci\u00f3n, seguimiento y control ambiental de explotaciones forestales y faun\u00edsticas<\/li>\n<\/ul>\n\n\n\n<h2 class=\"wp-block-heading\"><strong>GESTI\u00d3N AMBIENTAL URBANA Y ORDENAMIENTO TERRITORIAL<\/strong><\/h2>\n\n\n\n<ul>\n<li>Estudio y monitoreo del medio ambiente urbano<\/li>\n\n\n\n<li>Planificaci\u00f3n ambiental urbana<\/li>\n\n\n\n<li>Gesti\u00f3n del uso eficiente y ahorro del agua<\/li>\n\n\n\n<li>Dise\u00f1o de pol\u00edticas ambientales urbanas<\/li>\n\n\n\n<li>Ordenamiento territorial<\/li>\n\n\n\n<li>Evaluaci\u00f3n, seguimiento y control ambiental de proyectos de infraestructura y servicios urbanos<\/li>\n<\/ul>\n\n\n\n<h2 class=\"wp-block-heading\"><strong>SERVICIOS B\u00c1SICOS DE INGENIER\u00cdA Y CIENCIAS SOCIALES<\/strong><\/h2>\n\n\n\n<ul>\n<li>Cartograf\u00eda y levantamientos topogr\u00e1ficos<\/li>\n\n\n\n<li>Catastro de la propiedad inmueble<\/li>\n\n\n\n<li>Catastro de servicios p\u00fablicos<\/li>\n\n\n\n<li>Estudios socioecon\u00f3micos<\/li>\n\n\n\n<li>Arqueolog\u00eda de rescate<\/li>\n<\/ul>\n<\/div>\n<\/div>\n\n\n\n<!--nextpage-->\n\n\n\n<div class=\"wp-block-columns is-layout-flex wp-container-core-columns-layout-3 wp-block-columns-is-layout-flex\">\n<div class=\"wp-block-column is-layout-flow wp-block-column-is-layout-flow\" style=\"flex-basis:33.33%\">\n<figure class=\"wp-block-image size-large is-resized\"><img loading=\"lazy\" decoding=\"async\" width=\"224\" height=\"1024\" src=\"http:\/\/epamsa.com\/wp-content\/uploads\/2023\/12\/Area-2-224x1024.png\" alt=\"\" class=\"wp-image-579\" style=\"width:236px;height:auto\"\/><\/figure>\n<\/div>\n\n\n\n<div class=\"wp-block-column is-layout-flow wp-block-column-is-layout-flow\" style=\"flex-basis:66.66%\">\n<h2 class=\"wp-block-heading\"><strong>SANEAMIENTO AMBIENTAL<\/strong><\/h2>\n\n\n\n<ul>\n<li>Dise\u00f1o de sistemas de suministro de agua.<\/li>\n\n\n\n<li>Estudios y dise\u00f1os de sistemas de tratamiento de aguas residuales urbanas.<\/li>\n\n\n\n<li>Manejo de residuos s\u00f3lidos municipales.<\/li>\n\n\n\n<li>Monitoreo y modelaci\u00f3n de la calidad del agua.<\/li>\n\n\n\n<li>Evaluaci\u00f3n, seguimiento y control ambiental de proyectos de saneamiento<\/li>\n<\/ul>\n\n\n\n<h2 class=\"wp-block-heading\"><strong>AEROPUERTOS<\/strong><\/h2>\n\n\n\n<ul>\n<li>Manejo ambiental de aeropuertos<\/li>\n\n\n\n<li>Monitoreo ambiental del ruido generado por las operaciones a\u00e9reas<\/li>\n\n\n\n<li>Modelaci\u00f3n del ruido en aeropuertos<\/li>\n\n\n\n<li>Dise\u00f1o de medidas de mitigaci\u00f3n del ruido generado por las operaciones a\u00e9reas<\/li>\n<\/ul>\n\n\n\n<h2 class=\"wp-block-heading\"><strong>TRANSPORTE<\/strong><\/h2>\n\n\n\n<ul>\n<li>Manejo ambiental de carreteras y terminales de transporte terrestre<\/li>\n\n\n\n<li>Manejo ambiental de puertos fluviales y mar\u00edtimos y r\u00edos navegables<\/li>\n\n\n\n<li>Control de erosi\u00f3n en v\u00edas, r\u00edos y canales<\/li>\n\n\n\n<li>Evaluaci\u00f3n, seguimiento y control ambiental de proyectos viales<\/li>\n<\/ul>\n\n\n\n<h2 class=\"wp-block-heading\"><strong>ENERG\u00cdAS LIMPIAS<\/strong><\/h2>\n\n\n\n<ul>\n<li>Dise\u00f1o integral sistema de autogeneraci\u00f3n basado en energ\u00edas renovables (Solar y E\u00f3lica).<\/li>\n\n\n\n<li>Dise\u00f1o integral de estaciones de carga de VE<\/li>\n\n\n\n<li>Implementaci\u00f3n de sistemas CSMS<\/li>\n\n\n\n<li>Construcci\u00f3n acorde a normas de ingenier\u00eda globales<\/li>\n\n\n\n<li>Puesta en operaci\u00f3n y monitoreo del sistema e inspecci\u00f3n.<\/li>\n\n\n\n<li>Acompa\u00f1amiento en el planteamiento del proyecto ante autoridades competentes<\/li>\n<\/ul>\n<\/div>\n<\/div>\n","protected":false},"excerpt":{"rendered":"<p>CUENCAS HIDROGR\u00c1FICAS MINAS Y CANTERAS INDUSTRIA Y ENERG\u00cdA<\/p>\n","protected":false},"author":1,"featured_media":289,"parent":0,"menu_order":0,"comment_status":"closed","ping_status":"closed","template":"","meta":{"footnotes":""},"_links":{"self":[{"href":"https:\/\/epamsa.com\/index.php\/wp-json\/wp\/v2\/pages\/52"}],"collection":[{"href":"https:\/\/epamsa.com\/index.php\/wp-json\/wp\/v2\/pages"}],"about":[{"href":"https:\/\/epamsa.com\/index.php\/wp-json\/wp\/v2\/types\/page"}],"author":[{"embeddable":true,"href":"https:\/\/epamsa.com\/index.php\/wp-json\/wp\/v2\/users\/1"}],"replies":[{"embeddable":true,"href":"https:\/\/epamsa.com\/index.php\/wp-json\/wp\/v2\/comments?post=52"}],"version-history":[{"count":4,"href":"https:\/\/epamsa.com\/index.php\/wp-json\/wp\/v2\/pages\/52\/revisions"}],"predecessor-version":[{"id":585,"href":"https:\/\/epamsa.com\/index.php\/wp-json\/wp\/v2\/pages\/52\/revisions\/585"}],"wp:featuredmedia":[{"embeddable":true,"href":"https:\/\/epamsa.com\/index.php\/wp-json\/wp\/v2\/media\/289"}],"wp:attachment":[{"href":"https:\/\/epamsa.com\/index.php\/wp-json\/wp\/v2\/media?parent=52"}],"curies":[{"name":"wp","href":"https:\/\/api.w.org\/{rel}","templated":true}]}}