{"id":69,"date":"2011-05-03T19:39:17","date_gmt":"2011-05-03T19:39:17","guid":{"rendered":"http:\/\/epamsa.com\/?page_id=69"},"modified":"2023-12-28T01:58:12","modified_gmt":"2023-12-28T01:58:12","slug":"contactenos","status":"publish","type":"page","link":"https:\/\/epamsa.com\/index.php\/contactenos\/","title":{"rendered":"Cont\u00e1ctenos"},"content":{"rendered":"<p style=\"text-align: center;\"><iframe width=\"600\" height=\"450\" style=\"border: 0;\" src=\"https:\/\/www.google.com\/maps\/embed?pb=!1m18!1m12!1m3!1d53504.529061482266!2d-74.11025907654042!3d4.638998422099641!2m3!1f0!2f0!3f0!3m2!1i1024!2i768!4f13.1!3m3!1m2!1s0x8e3f9ab4946435a9%3A0xcdf97a0f07278de8!2sEPAM!5e0!3m2!1ses-419!2sco!4v1703728053319!5m2!1ses-419!2sco\" allowfullscreen=\"allowfullscreen\" loading=\"lazy\" referrerpolicy=\"no-referrer-when-downgrade\"><\/iframe><\/p>\n\n\n<p><strong>Direcci\u00f3n:<\/strong> Av. Cra 19 #125-65 Oficina 110<\/p>\n\n\n\n<p><p style=\"padding-left:75px;\"> Usaqu\u00e9n<\/p><\/p>\n\n\n\n<p><p style=\"padding-left:75px;\"> Bogot\u00e1, Colombia<\/p><\/p>\n\n\n\n<p><strong>Tel\u00e9fono: <\/strong>  (+57-1)\u00a0215 0376<\/p>\n\n\n\n<p><strong>Celular:<\/strong>     (+57) 320 343 5865<\/p>\n\n\n\n<p><strong>Horario de atenci\u00f3n:<\/strong> Lunes &#8211; Viernes, 8:30 am &#8211; 5:00 pm<\/p>\n\n\n\n<div style=\"height:50px\" aria-hidden=\"true\" class=\"wp-block-spacer\"><\/div>\n\n\n\n<h2 class=\"wp-block-heading\">CORREOS ELECTR\u00d3NICOS:<\/h2>\n\n\n\n<p><strong>Informaci\u00f3n:&nbsp;<\/strong> presidencia@epamsa.com ,&nbsp; epamsa@epamsa.com<\/p>\n\n\n\n<p><strong>Licitaciones:&nbsp; <\/strong>licitaciones@epamsa.com<\/p>\n\n\n\n<div style=\"height:50px\" aria-hidden=\"true\" class=\"wp-block-spacer\"><\/div>\n\n\n\n<p><strong>\u00bfQuieres trabajar con nosotros ?<\/strong><\/p>\n\n\n\n<p><strong>Env\u00edanos tu hoja de vida a: <\/strong>&nbsp;seleccion@epamsa.com<\/p>\n\n\n\n<hr class=\"wp-block-separator alignwide has-alpha-channel-opacity is-style-wide\"\/>\n\n\n\n<p><br><strong>AVISO DE PRIVACIDAD<\/strong><\/p>\n\n\n\n<p>PROTECCION DE DATOS PERSONALES<\/p>\n\n\n\n<p><span><strong>EPAM S.A.S.<\/strong> se permite informar que:<\/span><\/p>\n\n\n\n<p><span><br><\/span><span>En cumplimiento a lo estipulado en la Ley 1581 de 2012 y a lo previsto en el numeral 3 y el par\u00e1grafo del art\u00edculo 10 del Decreto 1377 de 2013, con el objeto de informar a todas las personas cuyos datos personales se encuentran en nuestras bases de datos, y teniendo en cuenta la imposibilidad de solicitar autorizaci\u00f3n en forma individual, EPAM S.A.S. informa que hace uso del mecanismo alternativo establecido en el citado numeral y manifiesta que los datos personales incluidos en sus bases de datos se han recopilado para el desarrollo de diversos procedimientos relacionados directamente con su objeto social.<\/span><\/p>\n\n\n\n<p><span><br><\/span><span>El uso y manejo de los mismos, se efect\u00faa bajo estrictos est\u00e1ndares de responsabilidad, dentro de los cuales est\u00e1 el respeto al debido proceso y a la protecci\u00f3n de la informaci\u00f3n.<\/span><\/p>\n\n\n\n<p><span><br><\/span><span>Los datos registrados en nuestras bases de datos son, entre otros: rese\u00f1as p\u00fablicas, tales como direcci\u00f3n, tel\u00e9fonos, correos electr\u00f3nicos y fecha de nacimiento. En todo caso en cualquier momento el titular de la informaci\u00f3n podr\u00e1 revocar su consentimiento y ejercer su derecho a la supresi\u00f3n de datos personales consagrado en la Ley 1581 de 2012.<\/span><\/p>\n\n\n\n<p><span><br><\/span><span>Si Usted desea consultar informaci\u00f3n o solicitar la supresi\u00f3n de sus datos personales de nuestras bases de datos, agradecemos se comunique dentro de los 30 d\u00edas siguientes a la publicaci\u00f3n del presente aviso a la direcci\u00f3n Av. 19 # 125-65 of. 110 o al correo electr\u00f3nico&nbsp;<a href=\"mailto:epamsa@epamsa.com\" target=\"_blank\" rel=\"noopener noreferrer\">epamsa@epamsa.com<\/a>&nbsp;. Si decide no hacerlo, vencido el referido plazo, consideraremos autorizado el tratamiento de sus datos personales. Lo anterior, sin perjuicio del derecho que asiste al titular de informaci\u00f3n en cualquier tiempo de consultar, conocer, actualizar sus datos personales, o solicitar su supresi\u00f3n o rectificaci\u00f3n.<\/span><\/p>\n\n\n\n<p><span><br><\/span><span>Para m\u00e1s informaci\u00f3n por favor consulte la Pol\u00edtica de Tratamiento de Informaci\u00f3n en la p\u00e1gina&nbsp;<a href=\"https:\/\/nam12.safelinks.protection.outlook.com\/?url=http%3A%2F%2Fwww.epamsa.com%2F&amp;data=04%7C01%7Clzuleta%40hazenandsawyer.com%7Cc868ce8f73cd4b4f09c008d8ee21f0d0%7C083fc4d272ad412bae7d6b81b83916dd%7C0%7C1%7C637521177499419522%7CUnknown%7CTWFpbGZsb3d8eyJWIjoiMC4wLjAwMDAiLCJQIjoiV2luMzIiLCJBTiI6Ik1haWwiLCJXVCI6Mn0%3D%7C2000&amp;sdata=9LmX80utzf86h7gHHs0h8CePoL%2Fw%2B2BTdZeuTfrIku4%3D&amp;reserved=0\" target=\"_blank\" rel=\"noopener noreferrer\">www.epamsa.com<\/a><\/span><\/p>\n","protected":false},"excerpt":{"rendered":"<p>Direcci\u00f3n: Av. Cra 19 #125-65 Oficina 110 Usaqu\u00e9n Bogot\u00e1, Colombia Tel\u00e9fono: (+57-1)\u00a0215 0376 Celular: (+57) 320 343 5865 Horario de atenci\u00f3n: Lunes &#8211; Viernes, 8:30 am &#8211; 5:00 pm CORREOS ELECTR\u00d3NICOS: Informaci\u00f3n:&nbsp; presidencia@epamsa.com ,&nbsp; epamsa@epamsa.com Licitaciones:&nbsp; licitaciones@epamsa.com \u00bfQuieres trabajar con nosotros ? Env\u00edanos tu hoja de vida a: &nbsp;seleccion@epamsa.com AVISO [&hellip;]<\/p>\n","protected":false},"author":1,"featured_media":0,"parent":0,"menu_order":0,"comment_status":"closed","ping_status":"closed","template":"","meta":{"footnotes":""},"_links":{"self":[{"href":"https:\/\/epamsa.com\/index.php\/wp-json\/wp\/v2\/pages\/69"}],"collection":[{"href":"https:\/\/epamsa.com\/index.php\/wp-json\/wp\/v2\/pages"}],"about":[{"href":"https:\/\/epamsa.com\/index.php\/wp-json\/wp\/v2\/types\/page"}],"author":[{"embeddable":true,"href":"https:\/\/epamsa.com\/index.php\/wp-json\/wp\/v2\/users\/1"}],"replies":[{"embeddable":true,"href":"https:\/\/epamsa.com\/index.php\/wp-json\/wp\/v2\/comments?post=69"}],"version-history":[{"count":29,"href":"https:\/\/epamsa.com\/index.php\/wp-json\/wp\/v2\/pages\/69\/revisions"}],"predecessor-version":[{"id":621,"href":"https:\/\/epamsa.com\/index.php\/wp-json\/wp\/v2\/pages\/69\/revisions\/621"}],"wp:attachment":[{"href":"https:\/\/epamsa.com\/index.php\/wp-json\/wp\/v2\/media?parent=69"}],"curies":[{"name":"wp","href":"https:\/\/api.w.org\/{rel}","templated":true}]}}